{"id":2,"date":"2009-06-27T08:03:14","date_gmt":"2009-06-27T01:03:14","guid":{"rendered":"http:\/\/stahdnj.ac.id\/?page_id=2"},"modified":"2026-05-13T23:30:04","modified_gmt":"2026-05-13T16:30:04","slug":"about","status":"publish","type":"page","link":"https:\/\/stahdnj.ac.id\/about\/","title":{"rendered":"Tentang STAH DNJ"},"content":{"rendered":"\t\t<div data-elementor-type=\"wp-page\" data-elementor-id=\"2\" class=\"elementor elementor-2\">\n\t\t\t\t<div class=\"elementor-element elementor-element-76069cda e-flex e-con-boxed e-con e-parent\" data-id=\"76069cda\" data-element_type=\"container\" data-e-type=\"container\" data-settings=\"{&quot;background_background&quot;:&quot;classic&quot;}\">\n\t\t\t\t\t<div class=\"e-con-inner\">\n\t\t\t\t<div class=\"elementor-element elementor-element-1bad6e40 elementor-widget elementor-widget-elementskit-heading\" data-id=\"1bad6e40\" data-element_type=\"widget\" data-e-type=\"widget\" data-widget_type=\"elementskit-heading.default\">\n\t\t\t\t\t<div class=\"ekit-wid-con\" ><div class=\"ekit-heading elementskit-section-title-wraper center   ekit_heading_tablet-   ekit_heading_mobile-\"><h2 class=\"ekit-heading--title elementskit-section-title \">Tentang <span><span>STAH DNJ<\/span><\/span><\/h2><div class=\"ekit_heading_separetor_wraper ekit_heading_elementskit-border-divider elementskit-style-long\"><div class=\"elementskit-border-divider elementskit-style-long\"><\/div><\/div><\/div><\/div>\t\t\t\t<\/div>\n\t\t\t\t\t<\/div>\n\t\t\t\t<\/div>\n\t\t\t\t<section class=\"elementor-section elementor-top-section elementor-element elementor-element-7a1ea6ae elementor-section-boxed elementor-section-height-default elementor-section-height-default\" data-id=\"7a1ea6ae\" data-element_type=\"section\" data-e-type=\"section\">\n\t\t\t\t\t\t<div class=\"elementor-container elementor-column-gap-default\">\n\t\t\t\t\t<div class=\"elementor-column elementor-col-100 elementor-top-column elementor-element elementor-element-72a0de6e\" data-id=\"72a0de6e\" data-element_type=\"column\" data-e-type=\"column\">\n\t\t\t<div class=\"elementor-widget-wrap elementor-element-populated\">\n\t\t\t\t\t\t<div class=\"elementor-element elementor-element-26f2bcca elementor-widget elementor-widget-text-editor\" data-id=\"26f2bcca\" data-element_type=\"widget\" data-e-type=\"widget\" data-widget_type=\"text-editor.default\">\n\t\t\t\t\t\t\t\t\t<h2><span style=\"color: #000e8a;\"><strong>Historis STAH Dharma Nusantara Jakarta<\/strong><\/span><\/h2><p style=\"font-weight: 400;\">Keberadaan Sekolah Tinggi Agama Hindu Dharma Nusantara Jakarta dewasa ini mendapat tempat yang semakin penting. Dimana pengembangan sumber daya manusia melalui bidang pendidikan menjadi prioritas. Diharapkan melalui penyelenggaraan Pendidikan Tinggi Agama Hindu, kualitas mental dan spiritual umat Hindu akan semakin meningkat.<\/p><p style=\"font-weight: 400;\">Secara historis, pemikiran tentang pentingnya Pendidikan Agama Hindu diawali dengan adanya himbauan dari Ida Pedanda Gede Sebali Tianyar Arimbawa kepada tokoh masyarakat di Jakarta. Himbauan tersebut disambut hangat oleh para cendekiawan yang tergabung dalam Forum Cendekiawan Hindu Indonesia (FCHI), diwujudkan dalam seminar yang diselenggarakan pada tanggal 31 Agustus 1995 bertempat di Plaza Kertawijaya Denpasar.<\/p><p style=\"font-weight: 400;\">Para Tokoh Hindumerespon amanat yang telah diseminarkan dengan mendirikan Yayasan Dharma Nusantara yang bergerak di bidang Pendidikan, mendirikan Sekolah Tinggi Theologi Hindu (STTH)<\/p><p style=\"font-weight: 400;\">Kuliah perdana dilaksanakanpada bulan September 1995, diikuti oleh 24 mahasiswa dan memilih lokasi di komplek Pura Aditya Jaya Rawamangun Jakarta Timur.<\/p><p style=\"font-weight: 400;\">Dalam perkembangan selanjutnya sesuai dengan saran sesupuh yakni I Ketut Pasek.,B.A maka nama Perguruan Tinggi diganti dari Sekolah Tinggi Theologi Hindu (STTH) menjadi Sekolah Tinggi Agama Hindu (STAH). Proses pengurusan status Perguruan Tinggi di bawah Departemen Agama Sekolah Tinggi Agama Hindu Dharma Nusantara Jakarta terdaftar dengan Surat Keputusan Dirjen Bimas Hindu dan Buddha Departemen Agama Republik Indonesia Nomor : H\/3A\/SK\/1998 tertanggal 19 Maret 1998.\u00a0 Kini STAH DN Jakarta Telah di Visitasi Oleh Badan Akreditasi Nasional Perguruan Tinggi Tgl 15 -17 Maret 2009. Dan kini (29 Mei 2009) STAH DHARMA NUSANTARA JAKARTA, telah terakreditasi oleh Badan Akreditasi Nasional Perguruan Tinggi (BAN PT) dengan Nilai B serta dikeluarkannya Surat Keputusan Badan Akreditasi Nasional Perguruan Tinggi Nomor : 011\/BAN-PT\/Ak-XII\/S1\/V\/2009 tentang Status Peringkat, Dan Hasil Akreditasi Program Sarjana di Perguruan Tinggi.<\/p><h4 style=\"font-weight: 400;\"><span style=\"color: #000e8a;\"><strong>Lambang, Bendera, Tongkat Akademik, dan Cap STAH DN Jakarta<\/strong><\/span><\/h4><ol><li style=\"font-weight: 400;\">STAH DN Jakarta menggunakan lambang Dewi Sarasvati bertangan empat lengkap dengan atributnya, berdiri di atas bunga Padma (Teratai), dibawahnya terdapat pita bertuliskan \u201cVidya \u2013 Vij\u00f1\u00e3n\u00e3m \u2013 Vidv\u00e3n\u201d yang selanjutnya menjadi logo. Makna lambang sebagaimana disebut di atas adalah :<br \/><p style=\"font-weight: 400;\">1) Dewi Sarasvati melambangkan ilmu pengetahuan;<\/p><p style=\"font-weight: 400;\">2) Padma Astadala melambangkan kesucian;<\/p><p style=\"font-weight: 400;\">3) Genitri melambangkan pengetahuan yang tidak berawal dan tidak berakhir;<\/p><p style=\"font-weight: 400;\">4) Trisula melambangkan Tri Dharma Perguruan Tinggi;<\/p><p style=\"font-weight: 400;\">5) Pustaka melambangkan sumber ilmu pengetahuan;<\/p><p style=\"font-weight: 400;\">6) Vina melambangkan seni;<\/p><p style=\"font-weight: 400;\">7) Angsa melambangkan pancaran kebijaksanaan\/viveka.<\/p><\/li><li>Bendera STAH DN Jakarta :<br \/><p style=\"font-weight: 400;\">1) Bendera STAH DN Jakarta berbentuk segi empat panjang dengan ukuran panjang dan lebar tiga berbanding dua (3 : 2).<\/p><p style=\"font-weight: 400;\">2) Warna dasar biru tua melambangkan pengayoman \/ perlindungan.<\/p><p style=\"font-weight: 400;\">3) Di tengah-tengah bendera tergambar lambang STAH DN Jakarta.<\/p><\/li><li style=\"font-weight: 400;\">Tongkat Akademik yaitu sebuah tongkat dengan ornamen lambang STAH DN Jakarta dengan ukuran panjang 180 cm.<\/li><li style=\"font-weight: 400;\">Cap\/Stempel\/Tanda Sah STAH DN Jakarta adalah logo yang dibingkai oleh lingkaran tulisan yang berbunyi \u201cSEKOLAH TINGGI AGAMA HINDU DHARMA NUSANTARA JAKARTA\u201d dan dilatarbelakangi sudut segi lima oval.<\/li><\/ol>\t\t\t\t\t\t\t\t<\/div>\n\t\t\t\t<div class=\"elementor-element elementor-element-4c52f157 elementor-widget elementor-widget-heading\" data-id=\"4c52f157\" data-element_type=\"widget\" data-e-type=\"widget\" data-widget_type=\"heading.default\">\n\t\t\t\t\t<h2 class=\"elementor-heading-title elementor-size-default\">Visi dan Misi Lembaga<\/h2>\t\t\t\t<\/div>\n\t\t\t\t<div class=\"elementor-element elementor-element-301aa914 elementor-widget elementor-widget-image\" data-id=\"301aa914\" data-element_type=\"widget\" data-e-type=\"widget\" data-widget_type=\"image.default\">\n\t\t\t\t\t\t\t\t\t\t\t\t\t\t\t<img fetchpriority=\"high\" fetchpriority=\"high\" decoding=\"async\" width=\"1024\" height=\"723\" src=\"https:\/\/stahdnj.ac.id\/wp-content\/uploads\/2009\/06\/visilembaga1-1024x723.jpg\" class=\"attachment-large size-large wp-image-1656\" alt=\"\" srcset=\"https:\/\/stahdnj.ac.id\/wp-content\/uploads\/2009\/06\/visilembaga1-1024x723.jpg 1024w, https:\/\/stahdnj.ac.id\/wp-content\/uploads\/2009\/06\/visilembaga1-300x212.jpg 300w\" sizes=\"(max-width: 1024px) 100vw, 1024px\" title=\"\">\t\t\t\t\t\t\t\t\t\t\t\t\t\t\t<\/div>\n\t\t\t\t\t<\/div>\n\t\t<\/div>\n\t\t\t\t\t<\/div>\n\t\t<\/section>\n\t\t\t\t<\/div>\n\t\t","protected":false},"excerpt":{"rendered":"<p>Tentang STAH DNJ Historis STAH Dharma Nusantara Jakarta Keberadaan Sekolah Tinggi Agama Hindu Dharma Nusantara Jakarta dewasa ini mendapat tempat yang semakin penting. Dimana pengembangan sumber daya manusia melalui bidang pendidikan menjadi prioritas. Diharapkan melalui penyelenggaraan Pendidikan Tinggi Agama Hindu, kualitas mental dan spiritual umat Hindu akan semakin meningkat. Secara historis, pemikiran tentang pentingnya Pendidikan [&hellip;]<\/p>\n","protected":false},"author":1,"featured_media":0,"parent":0,"menu_order":0,"comment_status":"open","ping_status":"open","template":"elementor_header_footer","meta":{"_acf_changed":false,"footnotes":""},"class_list":["post-2","page","type-page","status-publish","hentry"],"blocksy_meta":[],"acf":[],"_links":{"self":[{"href":"https:\/\/stahdnj.ac.id\/wp-json\/wp\/v2\/pages\/2","targetHints":{"allow":["GET"]}}],"collection":[{"href":"https:\/\/stahdnj.ac.id\/wp-json\/wp\/v2\/pages"}],"about":[{"href":"https:\/\/stahdnj.ac.id\/wp-json\/wp\/v2\/types\/page"}],"author":[{"embeddable":true,"href":"https:\/\/stahdnj.ac.id\/wp-json\/wp\/v2\/users\/1"}],"replies":[{"embeddable":true,"href":"https:\/\/stahdnj.ac.id\/wp-json\/wp\/v2\/comments?post=2"}],"version-history":[{"count":26,"href":"https:\/\/stahdnj.ac.id\/wp-json\/wp\/v2\/pages\/2\/revisions"}],"predecessor-version":[{"id":3962,"href":"https:\/\/stahdnj.ac.id\/wp-json\/wp\/v2\/pages\/2\/revisions\/3962"}],"wp:attachment":[{"href":"https:\/\/stahdnj.ac.id\/wp-json\/wp\/v2\/media?parent=2"}],"curies":[{"name":"wp","href":"https:\/\/api.w.org\/{rel}","templated":true}]}}